{"id":255,"date":"2017-10-30T10:37:42","date_gmt":"2017-10-30T10:37:42","guid":{"rendered":"http:\/\/andreawittmann.de\/?page_id=255"},"modified":"2025-07-31T07:06:12","modified_gmt":"2025-07-31T07:06:12","slug":"rahmenprogramme-incentives","status":"publish","type":"page","link":"https:\/\/andreawittmann.de\/?page_id=255&lang=de","title":{"rendered":"Rahmenprogramme"},"content":{"rendered":"<p><span style=\"color: #ff0000;\"><strong>Konzert an der \u201eK\u00f6nigin der Instrumente&#8221;<\/strong><\/span><\/p>\n<p><span style=\"color: #333333;\">Ein Konzert an der Mozartorgel in der Klosterkirche Seeon oder an der Orgel im M\u00fcnster Frauenchiemsee in Verbindung mit einer klangvollen F\u00fchrung \u00fcber Kultur Natur und Geschichte.<\/span><\/p>\n<p>\u00a0<\/p>\n<p><span style=\"color: #ff0000;\"><strong>Leadership &amp; Hl. Benedikt<\/strong><\/span><\/p>\n<p>Das Erfolgsrezept der Benediktiner\/innen beruht auf dem regelm\u00e4\u00dfigen Innehalten im Tageslauf. Ihre Grundhaltungen, die Hinwendung zur Musik und die Besinnung auf die Quelle Ihrer Kraft und Zuversicht pr\u00e4gen das Ordensleben seit 1500 Jahren. Ein Blick auf die Inhalte und Vorgaben der M\u00f6nchsregeln ist auch im modernen Wirtschaftsleben, gerade f\u00fcr F\u00fchrungskr\u00e4fte, hilfreich. \u00dcberlegungen zu einem zeitgem\u00e4\u00dfen F\u00fchrungsstil verbinden sich mit Gregorianischem Choral und historischer Musik, intoniert auf dem Cembalo.<\/p>\n<p><span style=\"color: #ff0000;\"><strong>Bierweltreise<\/strong><\/span><\/p>\n<p>Vom Trost und Nahrung spendenden Gebr\u00e4u der M\u00f6nche bis zur jungen dynamischen Braukultur f\u00fchrt Sie diese au\u00dfergew\u00f6hnliche Reise um die Welt. Mit allen Sinnen genie\u00dfen Sie verschiedene Bierspezialit\u00e4ten, vom Pale Ale bis zum Oak Aged Bier. Musikalisch umrahmt von den ber\u00fchmtesten Biersongs \u2013 live!<\/p>\n<p><span style=\"color: #ff0000;\"><strong>Natur &amp; Kultur bei Mondlicht<\/strong><\/span><\/p>\n<p>Erleben Sie bei einer entspannten Fackel- bzw. Nachtwanderung die romantische Natur um den Seeoner Klostersee. Erg\u00e4nzt wird der Naturgenuss durch Geschichte und Geschichten, die Sie auf den Spuren der Benediktiner \u00fcber Mozart zu den Herz\u00f6gen von Leuchtenberg geleiten.<\/p>\n<p><span style=\"color: #ff0000;\"><strong>Singen macht gl\u00fccklich<\/strong><\/span><\/p>\n<p>Singen produziert Gl\u00fcckshormone, l\u00e4sst den K\u00f6rper schwingen, \u00f6ffnet und zentriert. Die Bildung der Stimme im Team ist ein sch\u00f6nes gemeinschaftliches Erlebnis. Das Spektrum der \u00dcbungen reicht vom Aufeinander h\u00f6ren bis zur gesunden Atmung, von der guten Haltung bis zur Konzentration und gipfelt in der Magie des Jodelns. Jedes Musikgenre auf Wunsch m\u00f6glich.<\/p>\n<p>\u00a0<\/p>\n\n\n<p><strong>Gerne k\u00f6nnen Sie unter email: <mark style=\"background-color:rgba(0, 0, 0, 0)\" class=\"has-inline-color has-vivid-cyan-blue-color\"><a href=\"mailto:andrea-wittmann@t-online.de\">andrea-wittmann@t-online.de<\/a><\/mark> Ihren Wunschtermin anfragen.<\/strong><\/p>\n","protected":false},"excerpt":{"rendered":"<p>Konzert an der \u201eK\u00f6nigin der Instrumente&#8221; Ein Konzert an der Mozartorgel in der Klosterkirche Seeon oder an der Orgel im M\u00fcnster Frauenchiemsee in Verbindung mit einer klangvollen F\u00fchrung \u00fcber Kultur Natur und Geschichte. \u00a0 Leadership &amp; Hl. Benedikt Das Erfolgsrezept der Benediktiner\/innen beruht auf dem regelm\u00e4\u00dfigen Innehalten im Tageslauf. Ihre Grundhaltungen, die Hinwendung zur Musik [&hellip;]<\/p>\n","protected":false},"author":1,"featured_media":0,"parent":0,"menu_order":0,"comment_status":"closed","ping_status":"closed","template":"","meta":[],"_links":{"self":[{"href":"https:\/\/andreawittmann.de\/index.php?rest_route=\/wp\/v2\/pages\/255"}],"collection":[{"href":"https:\/\/andreawittmann.de\/index.php?rest_route=\/wp\/v2\/pages"}],"about":[{"href":"https:\/\/andreawittmann.de\/index.php?rest_route=\/wp\/v2\/types\/page"}],"author":[{"embeddable":true,"href":"https:\/\/andreawittmann.de\/index.php?rest_route=\/wp\/v2\/users\/1"}],"replies":[{"embeddable":true,"href":"https:\/\/andreawittmann.de\/index.php?rest_route=%2Fwp%2Fv2%2Fcomments&post=255"}],"version-history":[{"count":11,"href":"https:\/\/andreawittmann.de\/index.php?rest_route=\/wp\/v2\/pages\/255\/revisions"}],"predecessor-version":[{"id":1524,"href":"https:\/\/andreawittmann.de\/index.php?rest_route=\/wp\/v2\/pages\/255\/revisions\/1524"}],"wp:attachment":[{"href":"https:\/\/andreawittmann.de\/index.php?rest_route=%2Fwp%2Fv2%2Fmedia&parent=255"}],"curies":[{"name":"wp","href":"https:\/\/api.w.org\/{rel}","templated":true}]}}