{"id":230,"date":"2017-10-01T14:26:22","date_gmt":"2017-10-01T14:26:22","guid":{"rendered":"http:\/\/andreawittmann.de\/?page_id=230"},"modified":"2025-08-04T07:28:29","modified_gmt":"2025-08-04T07:28:29","slug":"musik","status":"publish","type":"page","link":"https:\/\/andreawittmann.de\/?page_id=230&lang=de","title":{"rendered":"Musik &#038; Gesang \/ klassisch*bayerisch*jazz*rock*pop"},"content":{"rendered":"<h3>Andrea beim rfo in der Sendung <a href=\"https:\/\/www.rfo.de\/mediathek\/video\/andrea-wittmann-jodelweltmeisterin-aus-truchtlaching-in-sued-menschen\/\">&#8220;S\u00fcdmenschen&#8221;<\/a><\/h3>\n<h6>Andrea Wittmann, Jodelweltmeisterin aus Truchtlaching in S\u00fcd Menschen<\/h6>\n<p><a href=\"https:\/\/www.rfo.de\/mediathek\/video\/andrea-wittmann-jodelweltmeisterin-aus-truchtlaching-in-sued-menschen\/\" target=\"_blank\" rel=\"noopener\"><img decoding=\"async\" loading=\"lazy\" class=\"wp-image-1566\" src=\"https:\/\/andreawittmann.de\/wp-content\/uploads\/2025\/08\/Andrea-Wittmann-Jodelweltmeisterin-aus-Truchtlaching-in-Sued-Menschen-rfo-1024x511.png\" alt=\"\" width=\"590\" height=\"294\" srcset=\"https:\/\/andreawittmann.de\/wp-content\/uploads\/2025\/08\/Andrea-Wittmann-Jodelweltmeisterin-aus-Truchtlaching-in-Sued-Menschen-rfo-1024x511.png 1024w, https:\/\/andreawittmann.de\/wp-content\/uploads\/2025\/08\/Andrea-Wittmann-Jodelweltmeisterin-aus-Truchtlaching-in-Sued-Menschen-rfo-300x150.png 300w, https:\/\/andreawittmann.de\/wp-content\/uploads\/2025\/08\/Andrea-Wittmann-Jodelweltmeisterin-aus-Truchtlaching-in-Sued-Menschen-rfo-768x383.png 768w, https:\/\/andreawittmann.de\/wp-content\/uploads\/2025\/08\/Andrea-Wittmann-Jodelweltmeisterin-aus-Truchtlaching-in-Sued-Menschen-rfo-1536x766.png 1536w, https:\/\/andreawittmann.de\/wp-content\/uploads\/2025\/08\/Andrea-Wittmann-Jodelweltmeisterin-aus-Truchtlaching-in-Sued-Menschen-rfo-830x414.png 830w, https:\/\/andreawittmann.de\/wp-content\/uploads\/2025\/08\/Andrea-Wittmann-Jodelweltmeisterin-aus-Truchtlaching-in-Sued-Menschen-rfo-230x115.png 230w, https:\/\/andreawittmann.de\/wp-content\/uploads\/2025\/08\/Andrea-Wittmann-Jodelweltmeisterin-aus-Truchtlaching-in-Sued-Menschen-rfo-350x175.png 350w, https:\/\/andreawittmann.de\/wp-content\/uploads\/2025\/08\/Andrea-Wittmann-Jodelweltmeisterin-aus-Truchtlaching-in-Sued-Menschen-rfo-480x240.png 480w, https:\/\/andreawittmann.de\/wp-content\/uploads\/2025\/08\/Andrea-Wittmann-Jodelweltmeisterin-aus-Truchtlaching-in-Sued-Menschen-rfo.png 1920w\" sizes=\"(max-width: 590px) 100vw, 590px\" \/><\/a><\/p>\n<hr \/>\n<p><!--[embed]http:\/\/www.wellenschmiede.de\/andrea\/SIZK6949.mp4[\/embed]\n\n--><iframe loading=\"lazy\" style=\"border: none; overflow: hidden;\" src=\"https:\/\/web.facebook.com\/plugins\/video.php?href=https%3A%2F%2Fweb.facebook.com%2Fbrotzeit.co%2Fvideos%2F1308221719223997%2F&amp;show_text=0&amp;width=560\" width=\"560\" height=\"315\" frameborder=\"0\" scrolling=\"no\" allowfullscreen=\"allowfullscreen\"><\/iframe><\/p>\n<hr \/>\n<h4>&#8220;Warum in die Ferne schweifen, wenn der Chiemsee liegt so nah&#8221;<\/h4>\n<p>Komponiert und produziert von G\u00fcnther Behrle, Regensburg<br \/>\n<iframe loading=\"lazy\" style=\"border: none; overflow: hidden;\" src=\"https:\/\/www.facebook.com\/plugins\/video.php?href=https%3A%2F%2Fwww.facebook.com%2FAndreaWittmann1973%2Fvideos%2F2076245832601914%2F&amp;show_text=0&amp;width=560\" width=\"560\" height=\"315\" frameborder=\"0\" scrolling=\"no\" allowfullscreen=\"allowfullscreen\"><\/iframe><\/p>\n<hr \/>\n<hr \/>\n<p>Musik mal anders<br \/>\n<iframe loading=\"lazy\" src=\"https:\/\/www.youtube.com\/embed\/LbhgaOBiuuI\" width=\"560\" height=\"315\" frameborder=\"0\" allowfullscreen=\"allowfullscreen\"><\/iframe><\/p>\n<hr \/>\n","protected":false},"excerpt":{"rendered":"<p>Andrea beim rfo in der Sendung &#8220;S\u00fcdmenschen&#8221; Andrea Wittmann, Jodelweltmeisterin aus Truchtlaching in S\u00fcd Menschen &#8220;Warum in die Ferne schweifen, wenn der Chiemsee liegt so nah&#8221; Komponiert und produziert von G\u00fcnther Behrle, Regensburg Musik mal anders<\/p>\n","protected":false},"author":1,"featured_media":0,"parent":39,"menu_order":0,"comment_status":"closed","ping_status":"closed","template":"page-templates\/page_fullwidth.php","meta":[],"_links":{"self":[{"href":"https:\/\/andreawittmann.de\/index.php?rest_route=\/wp\/v2\/pages\/230"}],"collection":[{"href":"https:\/\/andreawittmann.de\/index.php?rest_route=\/wp\/v2\/pages"}],"about":[{"href":"https:\/\/andreawittmann.de\/index.php?rest_route=\/wp\/v2\/types\/page"}],"author":[{"embeddable":true,"href":"https:\/\/andreawittmann.de\/index.php?rest_route=\/wp\/v2\/users\/1"}],"replies":[{"embeddable":true,"href":"https:\/\/andreawittmann.de\/index.php?rest_route=%2Fwp%2Fv2%2Fcomments&post=230"}],"version-history":[{"count":32,"href":"https:\/\/andreawittmann.de\/index.php?rest_route=\/wp\/v2\/pages\/230\/revisions"}],"predecessor-version":[{"id":1582,"href":"https:\/\/andreawittmann.de\/index.php?rest_route=\/wp\/v2\/pages\/230\/revisions\/1582"}],"up":[{"embeddable":true,"href":"https:\/\/andreawittmann.de\/index.php?rest_route=\/wp\/v2\/pages\/39"}],"wp:attachment":[{"href":"https:\/\/andreawittmann.de\/index.php?rest_route=%2Fwp%2Fv2%2Fmedia&parent=230"}],"curies":[{"name":"wp","href":"https:\/\/api.w.org\/{rel}","templated":true}]}}