{"id":195,"date":"2017-06-07T15:15:36","date_gmt":"2017-06-07T15:15:36","guid":{"rendered":"http:\/\/andreawittmann.de\/?page_id=195"},"modified":"2021-05-17T16:31:57","modified_gmt":"2021-05-17T16:31:57","slug":"rckblick","status":"publish","type":"page","link":"https:\/\/andreawittmann.de\/?page_id=195&lang=de","title":{"rendered":"Konzertkalender &#8211; R\u00fcckblick"},"content":{"rendered":"\n<p>Samstag,  5. Dezember 2020 um 19 Uhr im Chiemsee-Saal Prien<\/p>\n\n\n\n<p><strong>Altbayrisches Adventsingen<\/strong><\/p>\n\n\n\n<p>Sing- und Musizierkreis Seeon, Frasdorfer Geigenmusi, Schlechinger Alphornbl\u00e4ser, Traunsteiner Trompe Bl\u00e4ser, Rimstinger S\u00e4nger<\/p>\n\n\n\n<p>Leitung &amp; Moderation: Andrea Wittmann<\/p>\n\n\n\n<div style=\"height:42px\" aria-hidden=\"true\" class=\"wp-block-spacer\"><\/div>\n\n\n\n<p>Freitag, 11. Dezember 2020 um 19 Uhr im Chiemsee-Saal Prien<\/p>\n\n\n\n<p><strong>Klassisches Adventskonzert<\/strong><\/p>\n\n\n\n<p>Leonie Stoiber \u2013 Sopran, Chiemgau Brass: Georg Holzner und Josef Neuner \u2013 Trompeten, Florian Kosatschek \u2013 Horn, Bernhard Frey \u2013 Posaune, Benedikt Wittmann \u2013 Tuba<\/p>\n\n\n\n<p>Klavier &amp; Moderation: Andrea Wittmann<\/p>\n\n\n\n<div style=\"height:49px\" aria-hidden=\"true\" class=\"wp-block-spacer\"><\/div>\n\n\n\n<p>Samstag, 10. Oktober 2020<\/p>\n\n\n\n<p><strong>Musical, Pop &amp; More \u2013 Songs zum Zuh\u00f6ren und Mitsingen<\/strong><\/p>\n\n\n\n<p>Mit viel Leidenschaft pr\u00e4sentieren die S\u00e4ngerinnen und S\u00e4nger des Sing\u00ad und Musizierkreises Seeon Welthits, die jeder gerne h\u00f6rt und (fast) jeder kennt. Begleitet werden sie dabei von Viviana Wittmann (Saxophon), Fabian B\u00f6ck (Gitarre), Bernhard Wolf (Bass) und Daniel Buchner (Percussion). Zahlreiche bekannte Songs aus den Genres Pop, Rock und Musical versprechen einen kurzweiligen Konzertabend. Der Sing\u00ad und Musizierkreis Seeon ist seit mehr als 40 Jahren in der heimischen Musikszene aktiv und nicht nur im Chiemgau bekannt. Die Zuh\u00f6rer k\u00f6nnen sich auf einen inspirierenden Abend freuen. Die Leitung des Abends liegt in den H\u00e4nden von Andrea Wittmann.<\/p>\n\n\n\n<div style=\"height:51px\" aria-hidden=\"true\" class=\"wp-block-spacer\"><\/div>\n\n\n\n<div class=\"is-layout-flow wp-block-group\"><div class=\"wp-block-group__inner-container\">\n<p>Sonntag, 11. Oktober, 19.00 Uhr, Abtskapelle St. Nikolaus<\/p>\n\n\n\n<p><\/p>\n\n\n\n<p><strong>Soir\u00e9e mit Fl\u00f6te und Cembalo<\/strong><\/p>\n\n\n\n<p>Ein besonderes Konzert mit dem Fl\u00f6tisten Andreas Schmidt aus Bad Reichenhall und der Seeoner Kirchenmusikerin Andrea Wittmann am Cembalo erleben Sie im schmucken Rokokojuwel. Passende Werke zum wundersch\u00f6nen Sakralraum, wie die Sonate in C-Dur, op.3, Nr. 3 von Paolo Benedetto Bellinzani, die Sonata in G-Dur von Johann Joachim Quantz und die Hamburger Sonate in G-Dur von Carl Philipp Emanuel Bach, sind zu h\u00f6ren. Auch Werke von Christoph Willibald Gluck, Georg Friedrich H\u00e4ndel sowie Johann Sebastian Bach.<\/p>\n\n\n\n<div style=\"height:28px\" aria-hidden=\"true\" class=\"wp-block-spacer\"><\/div>\n\n\n\n<p><\/p>\n<\/div><\/div>\n\n\n\n<p>Freitag, 14. Februar 2020, Brauerei Camba Bavaria <\/p>\n\n\n\n<p><strong>Abend der Sinne<\/strong><\/p>\n\n\n\n<p>Der Abend in Seeon verbindet Lesung mit Musik &amp; Kulinarik. Die Lesung leitet Verena von Kerssenbrock. Sie arbeitete als Schauspielerin und B\u00fchnenbildnerin, f\u00fcr das Immling Festival im Chiemgau ist sie als Regisseurin und als k\u00fcnstlerische Leiterin der Akademie Immling t\u00e4tig. Auf dem Programm steht au\u00dferdem eine Bierverkostung mit Biersommelier G\u00f6tz Steinl, passende kulinarische Spezialit\u00e4ten werden von B\u00e4ckermeister Denis H\u00fcwel entwickelt und gereicht. Begleitet wird der Abend mit Musik von Eva Norel (Gesang), Viviana Wittmann (Saxophon) und Andrea Wittmann (Klavier).<\/p>\n\n\n\n<div style=\"height:46px\" aria-hidden=\"true\" class=\"wp-block-spacer\"><\/div>\n\n\n\n<p>Sonntag, 10. November, 19.00 Uhr, Abtskapelle St. Nikolaus<br><strong>Soiree mit Hackbrett und Cembalo<\/strong><br>Rudi Zapf (Hackbrett\/Knopfakkordeon) und Andrea Wittmann (Cembalo\/Moderation) spielen Kompositionen von Antonio Vivaldi, Carlo Monza, Melchior Chiesa, Angelo Conti, Pietro Beretti und Johann Philipp Krieger.<br>Eintritt: Vorverkauf 16 Euro\/Tageskasse 18 Euro<br>Karten jeweils im Klosterladen Seeon, 08624-897201<\/p>\n\n\n\n<div style=\"height:48px\" aria-hidden=\"true\" class=\"wp-block-spacer\"><\/div>\n\n\n\n<p>Sonntag, 1. Dezember, 14 Uhr, M\u00fcnster Frauenchiemsee<br><strong>Klassisches Adventskonzert<\/strong><br>Chorgemeinschaft Seeon, Astrid Hofer (Mezzosopran), Christine Allanic (Oboe, Fl\u00f6te), Florian Beer (Violine), Claus Freudenstein (Kontrabass), Cembalo \/ Leitung: Andrea Wittmann<br>Eintritt: 18,- Euro<\/p>\n\n\n\n<div style=\"height:57px\" aria-hidden=\"true\" class=\"wp-block-spacer\"><\/div>\n\n\n\n<p>Samstag, 7. Dezember, 14 Uhr, M\u00fcnster Frauenchiemsee<br><strong>Alpenl\u00e4ndisches Adventskonzert<\/strong><br>Aufhamer Saitenmusi, Chiemgauer Zwoagsang, Traunsteiner Trompe Bl\u00e4ser, Franz Sch\u00fcssele mit Alphorn, Serpent und Hirtenhorn.<br>Verbindende Worte: Andrea Wittmann<br>Eintritt: 18,- Euro<\/p>\n\n\n\n<div style=\"height:51px\" aria-hidden=\"true\" class=\"wp-block-spacer\"><\/div>\n\n\n\n<p>Sonntag, 8. Dezember, 14 Uhr, M\u00fcnster Frauenchiemsee<br><strong>Alpenl\u00e4ndisches Adventskonzert<\/strong><br>Frasdorfer Geigenmusi, Rimstinger S\u00e4nger, Schlechinger Alphornbl\u00e4ser, Truchtlachinger Klarinettenmusi.<br>Verbindende Worte: Andrea Wittmann<br>Eintritt: 18,- Euro<br>Karten jeweils im Ticket-B\u00fcro Prien, 08051-69050.<\/p>\n\n\n\n<div style=\"height:34px\" aria-hidden=\"true\" class=\"wp-block-spacer\"><\/div>\n\n\n\n<p>Sonntag, 29. September, 19.00 Uhr, Abtskapelle St. Nikolaus<\/p>\n\n\n\n<p><strong>\u201eAn die Musik\u201c<\/strong><\/p>\n\n\n\n<p>Larissa Schr\u00f6der (Sopran) und Andrea Wittmann (Cembalo) pr\u00e4sentieren Werke u. a. von Christoph Willibald Gluck, Vincenzo Bellini und Camille Saint-Sa\u00ebns. Auch Franz Schuberts Widmung \u201eAn die Musik\u201c erklingt im schmucken Rokokojuwel.<\/p>\n\n\n\n<p><em>Eintritt: Vorverkauf 16 Euro\/Tageskasse 18 Euro <\/em><\/p>\n\n\n\n<div style=\"height:40px\" aria-hidden=\"true\" class=\"wp-block-spacer\"><\/div>\n\n\n\n<p>Samstag, 20.07.2019 um 19:00 Uhr in der Kirche St.Walburg<\/p>\n\n\n\n<p>R<strong>enaissance in Kunst und Musik<\/strong><\/p>\n\n\n\n<p>Der Kammerchor Seeon unter der Leitung von Andrea Wittmann singt Werke von Pierre de la Rue, Orlando di Lasso, Giovanni Pierluigi da Palestrina, u.a. Neben der Moderation spielt Andrea Wittmann auch am Seeoner Cembalo.Zur Musik aus der Renaissance werden passend die Wandmalereien im Stil des Manierismus vorgestellt.Insbesondere des Freskos mit der Hl. Margaretha mit Kreuzstab und Drache.<\/p>\n\n\n\n<div style=\"height:41px\" aria-hidden=\"true\" class=\"wp-block-spacer\"><\/div>\n\n\n\n<p>Sonntag, 21.07.2019 um 10:30 Uhr, KBZ Kloster Seeon auf der Seeterrasse<\/p>\n\n\n\n<p><strong>Fr\u00fchschoppen zum Mitsingen<\/strong><\/p>\n\n\n\n<p>Andrea Wittmann (Harmonika) stimmt bayerische Lieder an und wenn Sie wollen, dann k\u00f6nnen Sie mitsingen \u2013 oder auch nur lauschen. Fr\u00f6hlich es allemal. Eintritt frei.<\/p>\n\n\n\n<p>Veranstaltungsort je nach Witterung im KBZ Kloster Seeon<\/p>\n\n\n\n<div style=\"height:33px\" aria-hidden=\"true\" class=\"wp-block-spacer\"><\/div>\n\n\n\n<p>Sonntag, 12.05.2019 um 19 Uhr in der Nikolauskapelle.<br><b>Saitenkl\u00e4nge in der Abtskapelle<\/b><br>Claus Freudenstein mit Kontrabass und Andrea Wittmann am Cembalo gestalten mit vielen Saiten die Abendsoir\u00e9e im bezaubernden Rokokojuwel. Spannende Klangwelten von Frescobaldi bis De Fesch, von Fuchs bis Freudenstein, u.a. werden Sie am Muttertag begeistern. Eine ungew\u00f6hnliches Ensemble &#8211; virtuos, dezent und ergreifend.<\/p>\n\n\n\n<div style=\"height:35px\" aria-hidden=\"true\" class=\"wp-block-spacer\"><\/div>\n\n\n\n<p>Sonntag, 9.06.2019 um 19:30 Uhr in der ehemaligen Klosterkirche<br><b>K\u00f6nige des Barocks<\/b><br>Die K\u00f6lner Sopranistin Theresa Nelles und aus Sarajevo Zoran Curovi\u0107 an der Trompete, gestalten zusammen mit der Chorgemeinschaft Seeon das<br>festliche Pfingstkonzert unter der Leitung von Andrea Wittmann, die auch den Orgelpart \u00fcbernimmt.<br>Es werden unter anderem brillante Werke aus Bachs Kantate \u201eMein Herze schwimmt im Blut\u201c, Scarlattis Arien con Tromba Sola<br>sowie H\u00e4ndels ber\u00fchmte Ch\u00f6re aufgef\u00fchrt.<\/p>\n\n\n\n<div style=\"height:41px\" aria-hidden=\"true\" class=\"wp-block-spacer\"><\/div>\n\n\n\n<p>Sonntag, 23.12.2018 um 20 Uhr, Allerheiligen-Hofkirche, Residenz, Residenzstra\u00dfe 1, 80333 M\u00fcnchen, Bayern<br><b>Bayerische Weihnacht\u00b4<\/b> Einstimmung auf die heilige Nacht<br>Bei der \u201eBayerischen Weihnacht\u201c mit Andrea Wittmann laden wir Sie einen Tag vor Heilig Abend ein, in das feierliche Ambiente der Allerheiligen-Hofkirche und eine Welt der altbayerischen Kl\u00e4nge und besinnlichen Texte einzutauchen. Die Musikerin, S\u00e4ngerin und Moderatorin Andrea Wittmann f\u00fchrt durch den Abend. Die Chiemgauerin ist Bayerin mit Leib und Seele \u2013 und Rekordhalterin: Im April 2016 holte sie den Weltrekord im Dauerjodeln mit stolzen 15 Stunden und 11 Sekunden nach Bayern. Bei der \u201eBayerischen Weihnacht\u201c begleiten sie insgesamt 15 Musiker \u2013 die R\u00f6pfl Geigenmusi und der R\u00f6pfl Familiengesang, das Seeoner Gitarrentrio, die Truchtlachinger Klarinettenmusi und die Fl\u00f6tenmusik Les Pompiers. Entfliehen Sie der Hektik der Vorweihnachtszeit und genie\u00dfen Sie einen Abend voller weihnachtlicher Magie, damit am 24. Dezember besinnliche Ruhe und Frieden einkehren kann.<\/p>\n\n\n\n<div style=\"height:40px\" aria-hidden=\"true\" class=\"wp-block-spacer\"><\/div>\n\n\n\n<p>Sonntag, 9.12.2018 um 14 Uhr im M\u00fcnster Frauenchiemsee<br><b>Alpenl\u00e4ndisches Adventskonzert<\/b><br>R\u00f6pfl Geigenmusi, Schlechinger Alphornbl\u00e4ser, Fl\u00f6tenmusik Les Pompiers,<br>Chiemgauer Zwoagsang, Zirbestub\u00b4n Musi<br>Verbindende Worte: Andrea Wittmann<\/p>\n\n\n\n<div style=\"height:41px\" aria-hidden=\"true\" class=\"wp-block-spacer\"><\/div>\n\n\n\n<p>Samstag, 8.12.2018 um 14 Uhr im M\u00fcnster Frauenchiemsee<br><b>Alpenl\u00e4ndisches Adventskonzert<\/b><br>R\u00f6pfl Familiengsang, Roithamer Gitarrentrio, Rimstinger S\u00e4nger,<br>Truchtlinger Klarinettenmusi, Seeoner Blechbl\u00e4ser<br>Verbindende Worte: Andrea Wittmann<\/p>\n\n\n\n<div style=\"height:37px\" aria-hidden=\"true\" class=\"wp-block-spacer\"><\/div>\n\n\n\n<p>Sonntag, 2.12.2018 um 18:00 Uhr im Kultur- und Kongresszentrum Taufkirchen<br><b>Weihnachten mit Sabine Sauer-Einstimmen auf die staade Zeit<\/b><br>Bei &#8220;Weihnachten mit Sabine Sauer\u201c im Kulturzentrum Taufkirchen tritt die charmante und beliebte BR-Fernseh-Moderatorin mit ihren kongenialen Musikpartnern des Andrea-Wittmann-Trios auf, um den Zuschauern einen besinnlichen Abend in der staaden Zeit zu bereiten. Ihr Name steht f\u00fcr Fernsehunterhaltung im allerbesten Sinn: Sabine Sauer begeistert ihre Zuschauer mit ihren charmanten und einf\u00fchlsamen Moderationen quer durchs Bayerische Fernsehen. Ob sie bei \u201eUnter 4 Augen&#8221; den Prominenten Geheimnisse entlockt, bei \u201eWir in Bayern&#8221; ganz dicht an die Zuschauer heranr\u00fcckt, mit dem Intendanten f\u00fcr den &#8220;BR unterwegs&#8221; ist oder bei der gro\u00dfen Sternstunden-Gala oder dem \u201eWiener Opernball eine blendende Figur macht &#8211; Sabine Sauer ist eine der beliebtesten und vielseitigsten Moderatorinnen des Bayerischen Rundfunks und in der Vorweihnachtszeit zu Gast in Taufkirchen. Zu h\u00f6ren sein werden mal nachdenkliche, mal heitere oder poetische Geschichten zur Adventszeit aus dem alpenl\u00e4ndischen Raum, wobei Sabine Sauer auch sorgf\u00e4ltig ausgew\u00e4hlte internationale Weihnachtsgeschichten vortr\u00e4gt.Hinter dem Andrea-Wittmann-Trio steht die studierte Kirchenmusikerin und amtierende Jodel-Weltrekordhalterin Andrea Wittmann mit ihren Musikern, die u.a. mit Tuba, Alphorn, Klarinette, diatonische Ziach und Hackbrett einen Spannungsbogen von Stubnmusik \u00fcber Klassik bis Weltmusik zu spannen vermag.<\/p>\n\n\n\n<div style=\"height:33px\" aria-hidden=\"true\" class=\"wp-block-spacer\"><\/div>\n\n\n\n<p>Sonntag, 2.12.2018 um 14 Uhr im M\u00fcnster Frauenchiemsee<br><b>Haydn\u00b4s Chiemseemesse &amp; Werke aus den Chiemseekl\u00f6stern<\/b><br>Charlotte Pistor \u2013 Sopran, Astrid Hofer \u2013 Alt,<br>Virgil Hartinger \u2013 Tenor, Falk Hutter \u2013 Bass,<br>Wolfram Heinzmann \u2013 Cembalo\/Orgel<br>Jugendorchester Capella cantabile, Konzertmeister Alexander Krins<br>Barockpauken und Trompeten<br>Chorgemeinschaft Seeon<br>Leitung: Andrea Wittmann<br>Eintritt: 20,- Euro<\/p>\n\n\n\n<div class=\"wp-block-image\"><figure class=\"aligncenter\"><img decoding=\"async\" loading=\"lazy\" width=\"863\" height=\"1218\" src=\"http:\/\/andreawittmann.de\/wp-content\/uploads\/2018\/08\/musikalischeReise.png\" alt=\"\" class=\"wp-image-306\" srcset=\"https:\/\/andreawittmann.de\/wp-content\/uploads\/2018\/08\/musikalischeReise.png 863w, https:\/\/andreawittmann.de\/wp-content\/uploads\/2018\/08\/musikalischeReise-213x300.png 213w, https:\/\/andreawittmann.de\/wp-content\/uploads\/2018\/08\/musikalischeReise-768x1084.png 768w, https:\/\/andreawittmann.de\/wp-content\/uploads\/2018\/08\/musikalischeReise-726x1024.png 726w, https:\/\/andreawittmann.de\/wp-content\/uploads\/2018\/08\/musikalischeReise-830x1171.png 830w, https:\/\/andreawittmann.de\/wp-content\/uploads\/2018\/08\/musikalischeReise-230x325.png 230w, https:\/\/andreawittmann.de\/wp-content\/uploads\/2018\/08\/musikalischeReise-350x494.png 350w, https:\/\/andreawittmann.de\/wp-content\/uploads\/2018\/08\/musikalischeReise-480x677.png 480w\" sizes=\"(max-width: 863px) 100vw, 863px\" \/><\/figure><\/div>\n\n\n\n<p>St. Nikolaus-Kapelle, 23. September um 19 Uhr im KBZ Kloster Seeon<br><b>Saitenkl\u00e4nge in &#8220;g\u00f6ttlicher Heiterkeit&#8221; <\/b><br>Eva Fenninger mit Hackbrett und Harfe sowie Andrea Wittmann am Cembalo gestalten mit &#8220;himmlischer Musik&#8221; die Abendsoir\u00e9e im bezaubernden Rokokojuwel.<br>Viele Saiten mit spannenden Klangwelten zwischen Bach und Barbella.<br>Ein ungew\u00f6hnliches Ensemble mit vielen Saiten &#8211; dezent, virtuos und ergreifend.<br>Karten im Klosterladen Seeon, Tel. 08624-897 201<\/p>\n\n\n\n<div style=\"height:29px\" aria-hidden=\"true\" class=\"wp-block-spacer\"><\/div>\n\n\n\n<p>St. Nikolaus-Kapelle, 11. November um 19 Uhr im KBZ Kloster Seeon<br><b>Barocke Saitenkl\u00e4nge<\/b><br>Im Herzen des Kultur- und Bildungszentrums Kloster Seeon \u00f6ffnet sich die schmucke Abtskapelle als bezaubernder Veranstaltungsort f\u00fcr eine Soir\u00e9e. Peter Clemente, Violine und Andrea Wittmann, Cembalo gestalten mit Werken von Benedetto Marcello, Giovanni Battista Gervasio, Antonio Vivaldi u.a. Gemeinsam verdeutlichen sie die Symbiose zwischen Musik, Kunst und Architektur, in der der reich verzierte Sakralraum entstanden ist.<br>Karten im Klosterladen Seeon, Tel. 08624-897 201<\/p>\n\n\n\n<div style=\"height:35px\" aria-hidden=\"true\" class=\"wp-block-spacer\"><\/div>\n\n\n\n<p>Theaterfabrik, 18. M\u00e4rz um 15 Uhr in Traunreut (ehemalige Diskothek Airport)<br><b>Schlager und Popsongs zum Mitsingen mit dem Chiemgauer Chor KaLIEDoskop, Leitung: Andrea Wittmann<\/b><br>Eintritt frei<\/p>\n\n\n\n<div style=\"height:35px\" aria-hidden=\"true\" class=\"wp-block-spacer\"><\/div>\n\n\n\n<p>Theaterfabrik, 20. April um 20 Uhr in Traunreut (ehemalige Diskothek Airport)<br><b>Welthits in Traunreut &#8211; abwechslungsreich mit Gesang und Sax<\/b><br>Songs aus den Genres Pop, Rock und Musicals, die jeder gerne h\u00f6rt und (fast) jeder kennt &#8211; das verspricht einen kurzweiligen Konzertabend mit dem Chiemgauer Chor KaLIEDoskop. Der Chor hat dieses Mal die S\u00e4ngerin Eva Norel sowie Viviana Wittmann am Saxofon an seiner Seite. Eva Norel hatte schon \u00fcber 1.000 Live-Auftritte, u.a. in TV- und Radio-Shows, und wird mit St\u00fccken von Mariah Carey, Celine Dion und Gloria Gayner verzaubern.<br>Die Leitung liegt in den H\u00e4nden von Andrea Wittmann.<\/p>\n\n\n\n<p>Karten gibt es unter ticket@die-theaterfabrik.de oder 0152-53547049,<br>Traunreuter Anzeiger 08669-4044,<br>Wochenblatt 0861-209380<\/p>\n\n\n\n<div class=\"wp-block-image\"><figure class=\"alignright\"><img decoding=\"async\" loading=\"lazy\" width=\"300\" height=\"134\" src=\"http:\/\/andreawittmann.de\/wp-content\/uploads\/2018\/02\/kloster-300x134.jpg\" alt=\"\" class=\"wp-image-292\" srcset=\"https:\/\/andreawittmann.de\/wp-content\/uploads\/2018\/02\/kloster-300x134.jpg 300w, https:\/\/andreawittmann.de\/wp-content\/uploads\/2018\/02\/kloster-230x103.jpg 230w, https:\/\/andreawittmann.de\/wp-content\/uploads\/2018\/02\/kloster-350x157.jpg 350w, https:\/\/andreawittmann.de\/wp-content\/uploads\/2018\/02\/kloster.jpg 478w\" sizes=\"(max-width: 300px) 100vw, 300px\" \/><\/figure><\/div>\n\n\n\n<p>Donnerstag, 03. Mai 2018 9.45 Uhr<br><b>Kloster Seeon \u2013 Kloster(leben) gestern und heute &#8211; klangvoll erleben<\/b><br><br>Das ehemalige Kloster Seeon ist eines der sch\u00f6nsten historischen Ensembles im Chiemgau von der Romanik bis zur Moderne. Im Jahre 994 gegr\u00fcndet, hat Kloster Seeon eine bewegte Geschichte erlebt. Benediktinerm\u00f6nche wirkten hier \u00fcber viele Jahrhunderte. Bis zur S\u00e4kularisation war das Benediktinerkloster ein Ort der Gelehrsamkeit und der Kultur: Mozart besuchte es mehrmals und komponierte ein Offertorium f\u00fcr das Benediktusfest. Nach der S\u00e4kularisation 1803 erlebte das Inselkloster manche Wechself\u00e4lle.<br>Auf diesem Hintergrund f\u00fchrt der Tag zun\u00e4chst klangvoll vom \u201eGregorianischen Choral bis zum Konzert\u201c an der Mozartorgel in die Historie des ehemaligen Klosters ein. H\u00f6hepunkte auf diesem Rundgang werden die ehemalige Klosterkirche St. Lambert und das Rokokojuwel, die wundersch\u00f6ne Nikolauskapelle sein. Ein zweiter Teil befasst sich unter dem Titel \u201eLeadership &amp; Hl. Benedikt\u201c mit den Regeln der Benediktiner\/innen und spannt so den Bogen zur aktuellen Nutzung des ehemaligen Klosters. \u201eRaum finden, Zeit finden, Gedanken fliegen lassen, Ideen einfangen \u2026\u201c so l\u00e4dt das Kultur- und Bildungszentrum Kloster Seeon heute konfessions\u00fcbergreifend seine G\u00e4ste ein.<br>_______________________________________________________________________<br>9.45 Uhr:<br>Treffpunkt: Gro\u00dfer Parkplatz des ehemaligen Klosters Seeon<br>Referentin: Andrea Wittmann (Musikstudium Universit\u00e4t Mozarteum, IHK Touristikfachwirtin)<br>Begleitende Studienleiterin: Christin Witte<br>Teilnahmebeitrag: 34 \u20ac<br>Anmeldung: Bildungswerk Rosenheim<br>___________________________________________________________________________<\/p>\n\n\n\n<div style=\"height:33px\" aria-hidden=\"true\" class=\"wp-block-spacer\"><\/div>\n\n\n\n<p>St. Nikolaus-Kapelle, 6. Mai um 19 Uhr in KBZ Kloster Seeon<br><b>Die sch\u00f6nsten Arien im Rokokojuwel<\/b><br>Cecilia Berglund (Sopran) aus Schweden und die Seeoner Kirchenmusikerin Andrea Wittmann (Cembalo) gestalten ein Konzert mit innig und festlich geistlichen Arien von H\u00e4ndel, Bach, Cherubini, Mozart u.v.a. Hunderte Komponisten haben zu Ehre der Gottesmutter Maria ein Ave Maria komponiert; einige erklingen im bezaubernden Rokokojuwel.<br>Karten im Klosterladen Seeon, Tel. 08624-897 201<\/p>\n\n\n\n<div style=\"height:32px\" aria-hidden=\"true\" class=\"wp-block-spacer\"><\/div>\n\n\n\n<p>Ehemalige Klosterkirche St. Lambert, 20 Mai um 19:30 Uhr in Seeon<br><b>Mit Staunen seht das Wunderwerk<\/b><br>Werke von Johannes Werlin (1620-1675), Benediktiner zu Seeon gesammelt und geschrieben sowie<br>Wolfgang Amadeus Mozarts (1756-1791) beliebtes Laudate dominum, KV 339 und Exsultate, jubilate,<br>KV 165 werden aufgef\u00fchrt. Hauptbestandteil ist die \u201eMissa de St. Raphale\u201c von Michael Haydn (1737-1806), die im Musikarchiv der Benediktinerinnenabtei Frauenw\u00f6rth gefunden wurde und im Jubeljahr \u201e1200 Kirche im Chiemsee\u201c erstmals 1982 wieder aufgef\u00fchrt wurde. Auch Werke aus der \u201eSch\u00f6pfung\u201c von Joseph Haydn (1732-1809) erg\u00e4nzen das Programm, wie z.B. \u201eMit Staunen seht das Wunderwerk\u201c.<br>Ausf\u00fchrende sind Margriet Buchberger \u2013 Sopran, Wolfram Heinzmann \u2013 Orgel, das Jugendorchester \u201eCapella Cantabile\u201c mit Konzertmeister Alexander Krins und der Chorgemeinschaft Seeon.<br>Die Gesamtleitung liegt bei Andrea Wittmann.<br>Karten im Klosterladen Seeon, Tel. 08624-897 201<\/p>\n\n\n\n<div style=\"height:36px\" aria-hidden=\"true\" class=\"wp-block-spacer\"><\/div>\n\n\n\n<p>Unter dem Kastanienbaum, 29. Juli um 10.30 Uhr vor dem KBZ Kloster Seeon, bei Regen in der Klostergastst\u00e4tte<br><b>Fr\u00fchschoppen &amp; gemeinsames Singen<\/b><br>f\u00fcr Klein, Gro\u00df und die ganze Familie mit altbayerischen Liedern und Melodien zum Lauschen und Mitsingen \u2013 garniert mit unserer bayerischen Schmankerl-K\u00fcche.<br>Musik &amp; Moderation: Andrea Wittmann (Harmonika) und Viviana (Klarinette)<br>Eintritt frei<\/p>\n\n\n\n<div style=\"height:40px\" aria-hidden=\"true\" class=\"wp-block-spacer\"><\/div>\n\n\n\n<p>Samstag, 11.11.2017, 20.00 Uhr, k1 Studio<br><b>voller lebensfreude, vielstimmig, abwechslungsreich<\/b><\/p>\n\n\n\n<p>Wer kennt Rama Lama Ding Dong? Und wer m\u00f6chte da nicht unbedingt mitsingen? Oder probiert es zumindest? Die Gelegenheit dazu gibt es beim Pop- und Gospelkonzert des Chiemgauer Chors KaLIEDoskop.<\/p>\n\n\n\n<p>Bekannte Songs ziehen sich durch das Konzert wie ein schillerndes Band. Und der eine oder andere Zuh\u00f6rer wird den Wunsch versp\u00fcren, \u00f6fters zu singen. Denn Singen befreit und macht gl\u00fccklich und kommt in unserer hektischen Welt oft viel zu kurz. Also, warum nicht damit anfangen? Unter der Leitung von Andrea Wittmann begeistert der Chor regelm\u00e4\u00dfig seine G\u00e4ste und motiviert dazu die eigene Stimme zum Klingen zu bringen.<\/p>\n\n\n\n<div style=\"height:33px\" aria-hidden=\"true\" class=\"wp-block-spacer\"><\/div>\n\n\n\n<p>Sonntag, 12.11.2017, 19.00 Uhr, Abtskapelle St. Nikolaus<br><b>Abendsoir\u00e9e<\/b><\/p>\n\n\n\n<p>Tam\u00e1s Pusk\u00e1s (Klarinette) und Andrea Wittmann (Cembalo)<br>spielen Werke von Robert Valentine, Antonio Vivaldi, Johann<br>Baptist Vanhal und anderen Komponisten aus dem europ\u00e4i-<br>schen Raum.<\/p>\n\n\n\n<div style=\"height:36px\" aria-hidden=\"true\" class=\"wp-block-spacer\"><\/div>\n\n\n\n<p>Sonntag, 3.12.2017, 14.00 Uhr im M\u00fcnster Frauenw\u00f6rth<br><b>Alpenl\u00e4ndisches Adventskonzert<\/b><br>Sing- und Musizierkreis Seeon, Trio Tinnabuli,<br>Nu\u00dfdorfer Dreiklang, Wabachmusi<br>Leitung\/Moderation: Andrea Wittmann<\/p>\n\n\n\n<div style=\"height:36px\" aria-hidden=\"true\" class=\"wp-block-spacer\"><\/div>\n\n\n\n<p>Samstag, 9.12.2017, 14.00 Uhr im M\u00fcnster Frauenw\u00f6rth<br><b>Alpenl\u00e4ndisches Adventskonzert<\/b><br>Saitenblick Musi und Gsang, Die Salonboarischen<br>Chieminger Alphornbl\u00e4ser, Truchtlinger Klarinettenmusi<br>Leitung\/Moderation\/Harmonika: Andrea Wittmann<\/p>\n\n\n\n<div style=\"height:36px\" aria-hidden=\"true\" class=\"wp-block-spacer\"><\/div>\n\n\n\n<p>Sonntag, 10.12.2017, 14.00 Uhr im M\u00fcnster Frauenw\u00f6rth<br><b>Weltmusik im Advent<\/b><br>Rarit\u00e4ten aus Gospel und Klassik<br>Gospelchor KaLIEDoskop &amp; Sopran &#8211; Margriet Buchberger &amp;Trio Mondo<br>Leitung\/Orgel\/Klavier: Andrea Wittmann<\/p>\n\n\n\n<div style=\"height:39px\" aria-hidden=\"true\" class=\"wp-block-spacer\"><\/div>\n\n\n\n<p>Sonntag, 24.9.2017, 19.00 Uhr, Abtskapelle St. Nikolaus<br><b>Saitenkl\u00e4nge im Rokokojuwel<\/b><\/p>\n\n\n\n<p>Charlotte Veihelmann (Violine) und Andrea Wittmann<br>(Cembalo) spielen Bachs Sonate Nr. 3 in E-Dur, BWV 1016,<br>Mozarts Sonate Nr. 22 in A-Dur, KV 305 sowie Ysa\u00ffes<br>Solo-Sonate Nr.4, Op.27.<\/p>\n\n\n\n<p>Donnerstag, 20.7.201, 19.00 Uhr, Kirche St. Walburg<\/p>\n\n\n\n<div style=\"height:46px\" aria-hidden=\"true\" class=\"wp-block-spacer\"><\/div>\n\n\n\n<p><strong>Il Cuc\u00f9<\/strong><\/p>\n\n\n\n<p>Zum Namenstag der heiligen Margareta gestalten die junge Geigerin Maximiliane Norwood und der Kammerchor unter der Leitung von Andrea Wittmann (Cembalo\/Moderation) ein abwechslungsreiches Programm mit Werken u.a.<br>von Johann Heinrich Schmelzer, Heinrich Ignaz Franz Biber, Johann Sebastian Bach, Francesco Maria Veracini.<\/p>\n\n\n\n<h3><img decoding=\"async\" loading=\"lazy\" class=\"alignnone size-full wp-image-190\" src=\"http:\/\/andreawittmann.de\/wp-content\/uploads\/2016\/10\/pfingskonzert.png\" alt=\"\" width=\"504\" height=\"711\" srcset=\"https:\/\/andreawittmann.de\/wp-content\/uploads\/2016\/10\/pfingskonzert.png 504w, https:\/\/andreawittmann.de\/wp-content\/uploads\/2016\/10\/pfingskonzert-213x300.png 213w, https:\/\/andreawittmann.de\/wp-content\/uploads\/2016\/10\/pfingskonzert-230x324.png 230w, https:\/\/andreawittmann.de\/wp-content\/uploads\/2016\/10\/pfingskonzert-350x494.png 350w, https:\/\/andreawittmann.de\/wp-content\/uploads\/2016\/10\/pfingskonzert-480x677.png 480w\" sizes=\"(max-width: 504px) 100vw, 504px\" \/><\/h3>\n\n\n\n<p>,<\/p>\n\n\n<iframe src=\"\/\/docs.google.com\/viewer?url=http%3A%2F%2Fandreawittmann.de%2Fwp-content%2Fuploads%2F2017%2F02%2FYodeling_Event_Poster.pdf&hl=de&embedded=true\" class=\"gde-frame\" style=\"width:100%; height:500px; border: none;\" scrolling=\"no\"><\/iframe>\n<p class=\"gde-text\"><a href=\"http:\/\/andreawittmann.de\/wp-content\/uploads\/2017\/02\/Yodeling_Event_Poster.pdf\" class=\"gde-link\">Download (PDF, 189KB)<\/a><\/p>\n","protected":false},"excerpt":{"rendered":"<p>Samstag, 5. Dezember 2020 um 19 Uhr im Chiemsee-Saal Prien Altbayrisches Adventsingen Sing- und Musizierkreis Seeon, Frasdorfer Geigenmusi, Schlechinger Alphornbl\u00e4ser, Traunsteiner Trompe Bl\u00e4ser, Rimstinger S\u00e4nger Leitung &amp; Moderation: Andrea Wittmann Freitag, 11. Dezember 2020 um 19 Uhr im Chiemsee-Saal Prien Klassisches Adventskonzert Leonie Stoiber \u2013 Sopran, Chiemgau Brass: Georg Holzner und Josef Neuner \u2013 Trompeten, [&hellip;]<\/p>\n","protected":false},"author":1,"featured_media":0,"parent":43,"menu_order":0,"comment_status":"closed","ping_status":"closed","template":"page-templates\/page_fullwidth.php","meta":[],"_links":{"self":[{"href":"https:\/\/andreawittmann.de\/index.php?rest_route=\/wp\/v2\/pages\/195"}],"collection":[{"href":"https:\/\/andreawittmann.de\/index.php?rest_route=\/wp\/v2\/pages"}],"about":[{"href":"https:\/\/andreawittmann.de\/index.php?rest_route=\/wp\/v2\/types\/page"}],"author":[{"embeddable":true,"href":"https:\/\/andreawittmann.de\/index.php?rest_route=\/wp\/v2\/users\/1"}],"replies":[{"embeddable":true,"href":"https:\/\/andreawittmann.de\/index.php?rest_route=%2Fwp%2Fv2%2Fcomments&post=195"}],"version-history":[{"count":19,"href":"https:\/\/andreawittmann.de\/index.php?rest_route=\/wp\/v2\/pages\/195\/revisions"}],"predecessor-version":[{"id":522,"href":"https:\/\/andreawittmann.de\/index.php?rest_route=\/wp\/v2\/pages\/195\/revisions\/522"}],"up":[{"embeddable":true,"href":"https:\/\/andreawittmann.de\/index.php?rest_route=\/wp\/v2\/pages\/43"}],"wp:attachment":[{"href":"https:\/\/andreawittmann.de\/index.php?rest_route=%2Fwp%2Fv2%2Fmedia&parent=195"}],"curies":[{"name":"wp","href":"https:\/\/api.w.org\/{rel}","templated":true}]}}