{"id":105,"date":"2017-01-09T22:04:05","date_gmt":"2017-01-09T22:04:05","guid":{"rendered":"http:\/\/andreawittmann.de\/?page_id=105"},"modified":"2026-04-13T08:12:19","modified_gmt":"2026-04-13T08:12:19","slug":"cds","status":"publish","type":"page","link":"https:\/\/andreawittmann.de\/?page_id=105&lang=de","title":{"rendered":"CDs"},"content":{"rendered":"\n<p class=\"has-text-align-center\"><strong><a href=\"https:\/\/www.br.de\/br-fernsehen\/sendungen\/abendschau-der-sueden\/ass-mozartwoche-seeon-100.html\" target=\"_blank\" rel=\"noreferrer noopener\">Andrea Wittmann Mozartwoche Seeon im BR<\/a><\/strong><\/p>\n\n\n<!--[if lt IE 9]><script>document.createElement('audio');<\/script><![endif]-->\n<audio class=\"wp-audio-shortcode\" id=\"audio-105-1\" autoplay=\"1\" preload=\"none\" style=\"width: 100%;\" controls=\"controls\"><source type=\"audio\/mpeg\" src=\"https:\/\/andreawittmann.de\/wp-content\/uploads\/2026\/04\/Mozartwoche-Seeon.mp3?_=1\" \/><a href=\"https:\/\/andreawittmann.de\/wp-content\/uploads\/2026\/04\/Mozartwoche-Seeon.mp3\">https:\/\/andreawittmann.de\/wp-content\/uploads\/2026\/04\/Mozartwoche-Seeon.mp3<\/a><\/audio>\n<table style=\"width: 100%; border: 0px;\">\n<tbody>\n<tr>\n<td style=\"width: 350px; border: 0px; background-color: #bfd1f2;\"><img decoding=\"async\" loading=\"lazy\" class=\"alignnone size-medium wp-image-106\" style=\"position: absolute; top: 80px; left: 40px;\" src=\"http:\/\/andreawittmann.de\/wp-content\/uploads\/2017\/01\/front-292x300.jpg\" alt=\"front\" width=\"292\" height=\"300\" srcset=\"https:\/\/andreawittmann.de\/wp-content\/uploads\/2017\/01\/front-292x300.jpg 292w, https:\/\/andreawittmann.de\/wp-content\/uploads\/2017\/01\/front-768x788.jpg 768w, https:\/\/andreawittmann.de\/wp-content\/uploads\/2017\/01\/front-998x1024.jpg 998w, https:\/\/andreawittmann.de\/wp-content\/uploads\/2017\/01\/front-830x852.jpg 830w, https:\/\/andreawittmann.de\/wp-content\/uploads\/2017\/01\/front-230x236.jpg 230w, https:\/\/andreawittmann.de\/wp-content\/uploads\/2017\/01\/front-350x359.jpg 350w, https:\/\/andreawittmann.de\/wp-content\/uploads\/2017\/01\/front-480x493.jpg 480w, https:\/\/andreawittmann.de\/wp-content\/uploads\/2017\/01\/front.jpg 1024w\" sizes=\"(max-width: 292px) 100vw, 292px\" \/>\n<p style=\"text-align: right;\">\u00a0<\/p>\n<h5>\u00a0<\/h5>\n<h4 style=\"text-align: left;\">H\u00f6rproben:<\/h4>\n<p>Max Keller, Ave Maria<\/p>\n<audio class=\"wp-audio-shortcode\" id=\"audio-105-2\" preload=\"none\" style=\"width: 100%;\" controls=\"controls\"><source type=\"audio\/mpeg\" src=\"http:\/\/andreawittmann.de\/wp-content\/uploads\/2017\/01\/track8.mp3?_=2\" \/><a href=\"http:\/\/andreawittmann.de\/wp-content\/uploads\/2017\/01\/track8.mp3\">http:\/\/andreawittmann.de\/wp-content\/uploads\/2017\/01\/track8.mp3<\/a><\/audio>\n<p>Kyrie<\/p>\n<audio class=\"wp-audio-shortcode\" id=\"audio-105-3\" preload=\"none\" style=\"width: 100%;\" controls=\"controls\"><source type=\"audio\/mpeg\" src=\"http:\/\/andreawittmann.de\/wp-content\/uploads\/2017\/01\/track14.mp3?_=3\" \/><a href=\"http:\/\/andreawittmann.de\/wp-content\/uploads\/2017\/01\/track14.mp3\">http:\/\/andreawittmann.de\/wp-content\/uploads\/2017\/01\/track14.mp3<\/a><\/audio>\n<p>Erh\u00e4ltlich im Klosterladen Seeon<\/p>\n<\/td>\n<td style=\"width: 700px; border: 0px; background-color: #f2e0bf;\">\n<h2 style=\"text-align: left;\">Musik aus dem Kloster Seeon<\/h2>\n<h3 style=\"text-align: left;\">Livemitschnitt aus Konzert und Gottesdienst<\/h3>\n<ol>\n<li style=\"text-align: left;\"><b>Glockengel\u00e4ut<\/b><\/li>\n<li style=\"text-align: left;\"><b>Gregorianik<\/b><br \/>Introitus mit Orgelintonation<\/li>\n<li style=\"text-align: left;\"><b>P. Rufinus Sigelius OSB<\/b><br \/>Regina coeli<\/li>\n<li style=\"text-align: left;\"><b>Max Keller, Alleluja sint laudes<\/b><br \/>Offertorium f\u00fcr Soli, Chor und Orchester<\/li>\n<li style=\"text-align: left;\"><b>Max Keller, Tantum ergo<\/b><br \/>Hymnus f\u00fcr Oberchor und Orchester<\/li>\n<li style=\"text-align: left;\"><b>Max Keller, 3 Trompetenaufz\u00fcge<\/b><\/li>\n<li style=\"text-align: left;\"><b>Max Keller, Da pacem domine<\/b><br \/>Graduala f\u00fcr Bass, Chor und Orchester<\/li>\n<li style=\"text-align: left;\"><b>Max Keller, Ave Maria<\/b><br \/>Marienhymnus f\u00fcr Chor und Orchester<\/li>\n<li style=\"text-align: left;\"><b>Gregorianik<\/b><br \/>Communio mit Orgelintonation<\/li>\n<li style=\"text-align: left;\"><b>Max Eham, Festmusik<\/b><\/li>\n<li style=\"text-align: left;\"><b>Robert F\u00fchrer, Ave Maria<\/b><br \/>Hymnus f\u00fcr Solo, konzertierende Orgel, Chor und Orchester<\/li>\n<li style=\"text-align: left;\"><b>Max Keller, Hornduette<\/b><br \/>Moderato, Scherzo<\/li>\n<li style=\"text-align: left;\"><b>Max Keller, Menuett<\/b><br \/>aus einer Tafelmusik f\u00fcr Bl\u00e4sersextett<br \/><b>P.Romanus Pinzger OSB<\/b><br \/>Missa in C f\u00fcr Soli, Chor und Orchester<\/li>\n<li style=\"text-align: left;\"><b>Kyrie<\/b><\/li>\n<li style=\"text-align: left;\"><b>Gloria<\/b><\/li>\n<li style=\"text-align: left;\"><b>Credo<\/b><\/li>\n<li style=\"text-align: left;\"><b>Sanctus<\/b><\/li>\n<li style=\"text-align: left;\"><b>Benedictus<\/b><\/li>\n<li style=\"text-align: left;\"><b>Agnus Dei<\/b><\/li>\n<li style=\"text-align: left;\"><b>W.A. Mozart, Scande colei limina<\/b><br \/>Offertorium f\u00fcr Solo, Chor und Orchester<\/li>\n<li style=\"text-align: left;\"><b>W.A. Mozart, Inter natos mulierum<\/b><br \/>Offertorium f\u00fcr Chor und Orchester<\/li>\n<li style=\"text-align: left;\"><b>Gro\u00dfer Gott, wir loben dich<\/b><br \/>Liedsatz und Improvisation<\/li>\n<li style=\"text-align: left;\"><b>Glockengel\u00e4ut<\/b><\/li>\n<\/ol>\n<\/td>\n<\/tr>\n<tr>\n<td style=\"width: 100%; height: 100px; border: 0px;\">\u00a0<\/td>\n<\/tr>\n<tr>\n<td style=\"width: 350px; border: 0px; background-color: #bfd1f2;\"><img decoding=\"async\" loading=\"lazy\" class=\"alignnone size-medium wp-image-128\" style=\"position: relative; top: -460px; left: 0px;\" src=\"http:\/\/andreawittmann.de\/wp-content\/uploads\/2017\/01\/front-1-300x300.jpg\" alt=\"Advents-und Weihnachtsmusik Front\" width=\"300\" height=\"300\" srcset=\"https:\/\/andreawittmann.de\/wp-content\/uploads\/2017\/01\/front-1-300x300.jpg 300w, https:\/\/andreawittmann.de\/wp-content\/uploads\/2017\/01\/front-1-150x150.jpg 150w, https:\/\/andreawittmann.de\/wp-content\/uploads\/2017\/01\/front-1-768x768.jpg 768w, https:\/\/andreawittmann.de\/wp-content\/uploads\/2017\/01\/front-1-830x830.jpg 830w, https:\/\/andreawittmann.de\/wp-content\/uploads\/2017\/01\/front-1-230x230.jpg 230w, https:\/\/andreawittmann.de\/wp-content\/uploads\/2017\/01\/front-1-350x350.jpg 350w, https:\/\/andreawittmann.de\/wp-content\/uploads\/2017\/01\/front-1-480x480.jpg 480w, https:\/\/andreawittmann.de\/wp-content\/uploads\/2017\/01\/front-1.jpg 1024w\" sizes=\"(max-width: 300px) 100vw, 300px\" \/>\n<p>\u00a0<\/p>\n<h4 style=\"text-align: left;\">H\u00f6rproben:<\/h4>\n<p>O Heiland, rei\u00df die Himmel auf<\/p>\n<audio class=\"wp-audio-shortcode\" id=\"audio-105-4\" preload=\"none\" style=\"width: 100%;\" controls=\"controls\"><source type=\"audio\/mpeg\" src=\"http:\/\/andreawittmann.de\/wp-content\/uploads\/2017\/01\/track3.mp3?_=4\" \/><a href=\"http:\/\/andreawittmann.de\/wp-content\/uploads\/2017\/01\/track3.mp3\">http:\/\/andreawittmann.de\/wp-content\/uploads\/2017\/01\/track3.mp3<\/a><\/audio>\n<p>Anonyme Bl\u00e4serintraden<\/p>\n<audio class=\"wp-audio-shortcode\" id=\"audio-105-5\" preload=\"none\" style=\"width: 100%;\" controls=\"controls\"><source type=\"audio\/mpeg\" src=\"http:\/\/andreawittmann.de\/wp-content\/uploads\/2017\/01\/track12.mp3?_=5\" \/><a href=\"http:\/\/andreawittmann.de\/wp-content\/uploads\/2017\/01\/track12.mp3\">http:\/\/andreawittmann.de\/wp-content\/uploads\/2017\/01\/track12.mp3<\/a><\/audio>\n<p>Erh\u00e4ltlich im Klosterladen Fraueninsel<\/p>\n<\/td>\n<td style=\"width: 700px; border: 0px; background-color: #f2e0bf;\">\n<h2 style=\"text-align: left;\">Advents- und Weihnachtsmusik<\/h2>\n<h3 style=\"text-align: left;\">aus dem M\u00fcnster Frauenw\u00f6rth<\/h3>\n<ol>\n<li style=\"text-align: left;\"><b>Glockengel\u00e4ute<\/b><br \/>Campanile Frauenchiemsee<\/li>\n<li style=\"text-align: left;\"><b>Rorate coeli desuper<\/b><br \/>Gregorianischer Choral<br \/>Introitus des 4. Adventsonntages<\/li>\n<li style=\"text-align: left;\"><b>O Heiland, rei\u00df die Himmel auf<\/b><br \/>Altes Kirchenlied \/ 4stg. gem. Chor<\/li>\n<li style=\"text-align: left;\"><b>Es kommt ein Schiff geladen<\/b><br \/>Altes Kirchenlied \/ 4stg. gem. Chor<\/li>\n<li style=\"text-align: left;\"><b>Barocktrompeten, -posaune und Pauken<\/b><br \/>Aus d. Musikarchiv d. Augustiner-Chorherren-Stiftes Weyarn<\/li>\n<li style=\"text-align: left;\"><b>Ave Maria<\/b> 4stg. gem. Chor u. Streicher<br \/><b>Tauet Himmel<\/b> 4stg. gem. Chor u. Streicher \/ M. Keller<\/li>\n<li style=\"text-align: left;\"><b>Ave regina coelorum<\/b> Johann M. Haydn<br \/>Marianische Antiphon f\u00fcr Bass, Viola und Streicher<\/li>\n<li style=\"text-align: left;\"><b>Tauet Himmel<\/b> P. Norbert Hauner CRSA<br \/>2stg. Oberchor und Instrumente<\/li>\n<li style=\"text-align: left;\"><b>Freuet euch, freuet euch all<\/b> Max Eham<br \/>Adventslied \/ 4stg. gem. Chor und Orchester<\/li>\n<li style=\"text-align: left;\"><b>Puer natus est<\/b><br \/>Gregoriansischer Choral<br \/>Introitus der 3. Weihnachtsmesse<\/li>\n<li style=\"text-align: left;\"><b>Auf, auf ihr Hirten<\/b> P. Jakob Kogler CRSA<br \/>2stg. Oberchor und Instrumente<\/li>\n<li style=\"text-align: left;\"><b>Anonyme Bl\u00e4serintraden<\/b><br \/>f\u00fcr Barocktrompeten, -posaune und Pauken<br \/>Aus dem Benediktinerinnen-Stift Nonnenberg\/Salzburg<\/li>\n<li style=\"text-align: left;\"><b>Gebt acht, ihr Hirten<\/b> Johann M. Haydn<br \/>Solisten, 4stg. gem. Chor und Orchester<\/li>\n<li style=\"text-align: left;\"><b>Engel Gottes k\u00fcnden<\/b> Franz X. W. Mozart<br \/>Sopran-Alt Duett, Fl\u00f6te und Streicher<\/li>\n<li style=\"text-align: left;\"><b>Es ist ein Ros entsprungen<\/b><br \/>F.X. Murschhauser \/ Thema und Variationen f\u00fcr Orgel<\/li>\n<li style=\"text-align: left;\"><b>Wir beten dich unendlich Wesen an<\/b><br \/>Johann M. Haydn \/ Sopran-Alt Duett und Streicher<\/li>\n<li style=\"text-align: left;\"><b>Coeli rores<\/b> P. Norbert Hauner CRSA<br \/>Weihnachtsarie f\u00fcr Sopran und Streicher<\/li>\n<li style=\"text-align: left;\"><b>Heilige Nacht<\/b> Johann F. Reichardt<br \/>4stg. gem. Chor<\/li>\n<li style=\"text-align: left;\"><b>Stille Nacht, heilige Nacht<\/b> Robert F\u00fchrer<br \/>Sopran, 4stg. gem. Chor, Fl\u00f6te und Streicher<\/li>\n<li style=\"text-align: left;\"><b>Ihr Christen, singt festliche Lieder<\/b><br \/>Anonym aus dem Archiv Frauenw\u00f6rth<br \/>2stg. Oberchor und Instrumente<\/li>\n<li style=\"text-align: left;\"><b>Nun freut euch, ihr Christen<\/b><br \/>Weihnachtslied nach &#8220;Adeste fideles&#8221; von John Reading<br \/>4stg. gem. Chor und Orchester<\/li>\n<\/ol>\n<\/td>\n<\/tr>\n<\/tbody>\n<\/table>\n<h3>Die CD\u00b4s sind u.a. im Klosterladen Frauenchiemsee und Seeon erh\u00e4ltlich.<\/h3>\n\n\n<h3 class=\"has-text-align-center\"><strong>Andrea Wittmann Mozartwoche Seeon im BR<\/strong><\/h3>\n","protected":false},"excerpt":{"rendered":"<p>Andrea Wittmann Mozartwoche Seeon im BR \u00a0 \u00a0 H\u00f6rproben: Max Keller, Ave Maria Kyrie Erh\u00e4ltlich im Klosterladen Seeon Musik aus dem Kloster Seeon Livemitschnitt aus Konzert und Gottesdienst Glockengel\u00e4ut GregorianikIntroitus mit Orgelintonation P. Rufinus Sigelius OSBRegina coeli Max Keller, Alleluja sint laudesOffertorium f\u00fcr Soli, Chor und Orchester Max Keller, Tantum ergoHymnus f\u00fcr Oberchor und Orchester [&hellip;]<\/p>\n","protected":false},"author":1,"featured_media":0,"parent":0,"menu_order":0,"comment_status":"closed","ping_status":"closed","template":"","meta":[],"_links":{"self":[{"href":"https:\/\/andreawittmann.de\/index.php?rest_route=\/wp\/v2\/pages\/105"}],"collection":[{"href":"https:\/\/andreawittmann.de\/index.php?rest_route=\/wp\/v2\/pages"}],"about":[{"href":"https:\/\/andreawittmann.de\/index.php?rest_route=\/wp\/v2\/types\/page"}],"author":[{"embeddable":true,"href":"https:\/\/andreawittmann.de\/index.php?rest_route=\/wp\/v2\/users\/1"}],"replies":[{"embeddable":true,"href":"https:\/\/andreawittmann.de\/index.php?rest_route=%2Fwp%2Fv2%2Fcomments&post=105"}],"version-history":[{"count":58,"href":"https:\/\/andreawittmann.de\/index.php?rest_route=\/wp\/v2\/pages\/105\/revisions"}],"predecessor-version":[{"id":1758,"href":"https:\/\/andreawittmann.de\/index.php?rest_route=\/wp\/v2\/pages\/105\/revisions\/1758"}],"wp:attachment":[{"href":"https:\/\/andreawittmann.de\/index.php?rest_route=%2Fwp%2Fv2%2Fmedia&parent=105"}],"curies":[{"name":"wp","href":"https:\/\/api.w.org\/{rel}","templated":true}]}}